{"id":78888,"date":"2019-03-29T13:58:54","date_gmt":"2019-03-29T11:58:54","guid":{"rendered":"https:\/\/www.visuellefabrik.ch\/angebot-anfordern\/"},"modified":"2023-11-07T14:52:31","modified_gmt":"2023-11-07T12:52:31","slug":"angebot-anfordern","status":"publish","type":"page","link":"https:\/\/www.visuellefabrik.ch\/en\/angebot-anfordern\/","title":{"rendered":"Request offer"},"content":{"rendered":"\t\t<div data-elementor-type=\"wp-page\" data-elementor-id=\"78888\" class=\"elementor elementor-78888 elementor-75389\" data-elementor-post-type=\"page\">\n\t\t\t\t\t\t<section class=\"elementor-section elementor-top-section elementor-element elementor-element-b646a1b elementor-section-content-top elementor-section-boxed elementor-section-height-default elementor-section-height-default\" data-id=\"b646a1b\" data-element_type=\"section\" data-e-type=\"section\">\n\t\t\t\t\t\t<div class=\"elementor-container elementor-column-gap-default\">\n\t\t\t\t\t<div class=\"elementor-column elementor-col-50 elementor-top-column elementor-element elementor-element-5338ed6\" data-id=\"5338ed6\" data-element_type=\"column\" data-e-type=\"column\">\n\t\t\t<div class=\"elementor-widget-wrap elementor-element-populated\">\n\t\t\t\t\t\t<div class=\"elementor-element elementor-element-4c2c31e elementor-widget elementor-widget-hub_fancy_heading\" data-id=\"4c2c31e\" data-element_type=\"widget\" data-e-type=\"widget\" data-widget_type=\"hub_fancy_heading.default\">\n\t\t\t\t<div class=\"elementor-widget-container\">\n\t\t\t\t\t\n\t\t<div id=\"ld-fancy-heading-69da381342b3f\" class=\"ld-fancy-heading pos-rel ld-fh-outline ld-fh-outline-static\">\n\t\t\t<h2 class=\"ld-fh-element d-inline-block pos-rel  elementor-heading-title lqd-highlight-classic lqd-highlight-grow-left h2\"  ><span class=\"ld-fh-txt-outline\">Interested in a joint project or simply in a non-binding offer?<\/span> Interested in a joint project or simply in a non-binding offer?<\/h2>\t\t<\/div>\n\n\t\t\t\t\t\t<\/div>\n\t\t\t\t<\/div>\n\t\t\t\t\t<\/div>\n\t\t<\/div>\n\t\t\t\t<div class=\"elementor-column elementor-col-50 elementor-top-column elementor-element elementor-element-e16e923\" data-id=\"e16e923\" data-element_type=\"column\" data-e-type=\"column\">\n\t\t\t<div class=\"elementor-widget-wrap elementor-element-populated\">\n\t\t\t\t\t\t<section class=\"elementor-section elementor-inner-section elementor-element elementor-element-cb67f6a elementor-section-full_width elementor-section-height-default elementor-section-height-default\" data-id=\"cb67f6a\" data-element_type=\"section\" data-e-type=\"section\" data-settings=\"{&quot;background_background&quot;:&quot;classic&quot;}\">\n\t\t\t\t\t\t<div class=\"elementor-container elementor-column-gap-default\">\n\t\t\t\t\t<div class=\"elementor-column elementor-col-100 elementor-inner-column elementor-element elementor-element-f9710fa\" data-id=\"f9710fa\" data-element_type=\"column\" data-e-type=\"column\" data-settings=\"{&quot;background_background&quot;:&quot;classic&quot;}\">\n\t\t\t<div class=\"elementor-widget-wrap elementor-element-populated\">\n\t\t\t\t\t\t<div class=\"elementor-element elementor-element-8bf7597 elementor-widget elementor-widget-hub_fancy_heading\" data-id=\"8bf7597\" data-element_type=\"widget\" data-e-type=\"widget\" data-widget_type=\"hub_fancy_heading.default\">\n\t\t\t\t<div class=\"elementor-widget-container\">\n\t\t\t\t\t\n\t\t<div id=\"ld-fancy-heading-69da3813438be\" class=\"ld-fancy-heading pos-rel\">\n\t\t\t<h3 class=\"ld-fh-element d-inline-block pos-rel  elementor-heading-title lqd-highlight-classic lqd-highlight-grow-left h3\"  > Contact us.<\/h3>\t\t<\/div>\n\n\t\t\t\t\t\t<\/div>\n\t\t\t\t<\/div>\n\t\t\t\t<div class=\"elementor-element elementor-element-07caeee elementor-widget elementor-widget-shortcode\" data-id=\"07caeee\" data-element_type=\"widget\" data-e-type=\"widget\" data-widget_type=\"shortcode.default\">\n\t\t\t\t<div class=\"elementor-widget-container\">\n\t\t\t\t\t\t\t<div class=\"elementor-shortcode\"><div id=\"quform-0a6ee8\" class=\"quform quform-5 quform-support-page-caching\"><form id=\"quform-form-0a6ee8\" class=\"quform-form quform-form-5\" action=\"\/en\/wp-json\/wp\/v2\/pages\/78888#quform-0a6ee8\" method=\"post\" enctype=\"multipart\/form-data\" novalidate=\"novalidate\" data-options=\"{&quot;id&quot;:5,&quot;uniqueId&quot;:&quot;0a6ee8&quot;,&quot;theme&quot;:&quot;&quot;,&quot;ajax&quot;:true,&quot;logic&quot;:{&quot;logic&quot;:[],&quot;dependents&quot;:[],&quot;elementIds&quot;:[],&quot;dependentElementIds&quot;:[],&quot;animate&quot;:true},&quot;currentPageId&quot;:1,&quot;errorsIcon&quot;:&quot;&quot;,&quot;updateFancybox&quot;:true,&quot;hasPages&quot;:false,&quot;pages&quot;:[1],&quot;pageProgressType&quot;:&quot;numbers&quot;,&quot;tooltipsEnabled&quot;:true,&quot;tooltipClasses&quot;:&quot;qtip-quform-dark qtip-shadow&quot;,&quot;tooltipMy&quot;:&quot;left center&quot;,&quot;tooltipAt&quot;:&quot;right center&quot;,&quot;isRtl&quot;:false,&quot;scrollOffset&quot;:-50,&quot;scrollSpeed&quot;:800}\"><button class=\"quform-default-submit\" name=\"quform_submit\" type=\"submit\" value=\"submit\" aria-hidden=\"true\" tabindex=\"-1\"><\/button><div class=\"quform-form-inner quform-form-inner-5\"><input type=\"hidden\" name=\"quform_form_id\" value=\"5\" \/><input type=\"hidden\" name=\"quform_form_uid\" value=\"0a6ee8\" \/><input type=\"hidden\" name=\"quform_count\" value=\"1\" \/><input type=\"hidden\" name=\"form_url\" value=\"https:\/\/www.visuellefabrik.ch\/en\/wp-json\/wp\/v2\/pages\/78888\" \/><input type=\"hidden\" name=\"referring_url\" value=\"\" \/><input type=\"hidden\" name=\"post_id\" value=\"\" \/><input type=\"hidden\" name=\"post_title\" value=\"\" \/><input type=\"hidden\" name=\"quform_current_page_id\" value=\"1\" \/><input type=\"hidden\" name=\"quform_loaded\" value=\"1775908883|7b73f963ff802717ba4516df9b4edad0\" \/><div class=\"quform-elements quform-elements-5 quform-cf quform-responsive-elements-phone-landscape\"><div class=\"quform-element quform-element-page quform-page-1 quform-page-5_1 quform-cf quform-group-style-plain quform-first-page quform-last-page quform-current-page\"><div class=\"quform-child-elements\"><div class=\"quform-element quform-element-name quform-element-5_4 quform-cf quform-element-optional\"><div class=\"quform-spacer\"><div class=\"quform-label quform-label-5_4\"><label class=\"quform-label-text\" id=\"quform_5_4_0a6ee8_label\">Name<\/label><\/div><div class=\"quform-inner quform-inner-name quform-inner-5_4\"><div class=\"quform-input quform-input-name quform-input-5_4 quform-cf\"><div class=\"quform-element-row quform-2-columns quform-element-row-size-fixed quform-responsive-columns-phone-landscape\"><div class=\"quform-element-column\"><div class=\"quform-element quform-element-text quform-element-5_4_2 quform-cf quform-element-optional\"><div class=\"quform-spacer\"><div class=\"quform-inner quform-inner-text quform-inner-5_4_2\"><div class=\"quform-input quform-input-text quform-input-5_4_2 quform-cf\"><input type=\"text\" id=\"quform_5_4_2_0a6ee8\" name=\"quform_5_4[2]\" class=\"quform-field quform-field-text quform-field-5_4_2\" aria-labelledby=\"quform_5_4_0a6ee8_label quform_5_4_2_0a6ee8_sub_label_below\" \/><\/div><label id=\"quform_5_4_2_0a6ee8_sub_label_below\" class=\"quform-sub-label quform-sub-label-below\">Vorname<\/label><\/div><\/div><\/div><\/div><div class=\"quform-element-column\"><div class=\"quform-element quform-element-text quform-element-5_4_4 quform-cf quform-element-optional\"><div class=\"quform-spacer\"><div class=\"quform-inner quform-inner-text quform-inner-5_4_4\"><div class=\"quform-input quform-input-text quform-input-5_4_4 quform-cf\"><input type=\"text\" id=\"quform_5_4_4_0a6ee8\" name=\"quform_5_4[4]\" class=\"quform-field quform-field-text quform-field-5_4_4\" aria-labelledby=\"quform_5_4_0a6ee8_label quform_5_4_4_0a6ee8_sub_label_below\" \/><\/div><label id=\"quform_5_4_4_0a6ee8_sub_label_below\" class=\"quform-sub-label quform-sub-label-below\">Nachname<\/label><\/div><\/div><\/div><\/div><\/div><\/div><\/div><\/div><\/div><div class=\"quform-element quform-element-text quform-element-5_12 quform-cf quform-element-optional\"><div class=\"quform-spacer\"><div class=\"quform-label quform-label-5_12\"><label class=\"quform-label-text\" for=\"quform_5_12_0a6ee8\">Firma<\/label><\/div><div class=\"quform-inner quform-inner-text quform-inner-5_12\"><div class=\"quform-input quform-input-text quform-input-5_12 quform-cf\"><input type=\"text\" id=\"quform_5_12_0a6ee8\" name=\"quform_5_12\" class=\"quform-field quform-field-text quform-field-5_12\" \/><\/div><\/div><\/div><\/div><div class=\"quform-element quform-element-row quform-element-row-5_6 quform-2-columns quform-element-row-size-fixed quform-responsive-columns-phone-landscape\"><div class=\"quform-element quform-element-column quform-element-5_7\"><div class=\"quform-element quform-element-email quform-element-5_5 quform-cf quform-element-required\"><div class=\"quform-spacer\"><div class=\"quform-label quform-label-5_5\"><label class=\"quform-label-text\" for=\"quform_5_5_0a6ee8\">E-Mail<span class=\"quform-required\">*<\/span><\/label><\/div><div class=\"quform-inner quform-inner-email quform-inner-5_5\"><div class=\"quform-input quform-input-email quform-input-5_5 quform-cf\"><input type=\"email\" id=\"quform_5_5_0a6ee8\" name=\"quform_5_5\" class=\"quform-field quform-field-email quform-field-5_5\" \/><\/div><\/div><\/div><\/div><\/div><div class=\"quform-element quform-element-column quform-element-5_8\"><div class=\"quform-element quform-element-text quform-element-5_3 quform-cf quform-element-optional\"><div class=\"quform-spacer\"><div class=\"quform-label quform-label-5_3\"><label class=\"quform-label-text\" for=\"quform_5_3_0a6ee8\">Telefon<\/label><\/div><div class=\"quform-inner quform-inner-text quform-inner-5_3\"><div class=\"quform-input quform-input-text quform-input-5_3 quform-cf\"><input type=\"text\" id=\"quform_5_3_0a6ee8\" name=\"quform_5_3\" class=\"quform-field quform-field-text quform-field-5_3\" \/><\/div><\/div><\/div><\/div><\/div><\/div><div class=\"quform-element quform-element-checkbox quform-element-5_11 quform-cf quform-element-optional\"><div class=\"quform-spacer\"><div class=\"quform-label quform-label-5_11\"><label class=\"quform-label-text\" id=\"quform_5_11_0a6ee8_label\">Folgende Bereiche interessieren mich:<\/label><\/div><div class=\"quform-inner quform-inner-checkbox quform-inner-5_11\"><div class=\"quform-input quform-input-checkbox quform-input-5_11 quform-cf\"><div class=\"quform-options quform-cf quform-options-block quform-options-simple\" role=\"group\" aria-labelledby=\"quform_5_11_0a6ee8_label\"><div class=\"quform-option\"><input type=\"checkbox\" name=\"quform_5_11[]\" id=\"quform_5_11_0a6ee8_1\" class=\"quform-field quform-field-checkbox quform-field-5_11 quform-field-5_11_1\" value=\"Kostenlose Beratung\" \/><label for=\"quform_5_11_0a6ee8_1\" class=\"quform-option-label quform-option-label-5_11_1\"><span class=\"quform-option-text\">Kostenlose Beratung<\/span><\/label><\/div><div class=\"quform-option\"><input type=\"checkbox\" name=\"quform_5_11[]\" id=\"quform_5_11_0a6ee8_2\" class=\"quform-field quform-field-checkbox quform-field-5_11 quform-field-5_11_2\" value=\"Branding \/ Corporate Design\" \/><label for=\"quform_5_11_0a6ee8_2\" class=\"quform-option-label quform-option-label-5_11_2\"><span class=\"quform-option-text\">Branding \/ Corporate Design<\/span><\/label><\/div><div class=\"quform-option\"><input type=\"checkbox\" name=\"quform_5_11[]\" id=\"quform_5_11_0a6ee8_3\" class=\"quform-field quform-field-checkbox quform-field-5_11 quform-field-5_11_3\" value=\"Grafik Design \/ Editorial Design\" \/><label for=\"quform_5_11_0a6ee8_3\" class=\"quform-option-label quform-option-label-5_11_3\"><span class=\"quform-option-text\">Grafik Design \/ Editorial Design<\/span><\/label><\/div><div class=\"quform-option\"><input type=\"checkbox\" name=\"quform_5_11[]\" id=\"quform_5_11_0a6ee8_4\" class=\"quform-field quform-field-checkbox quform-field-5_11 quform-field-5_11_4\" value=\"Webdesign\" \/><label for=\"quform_5_11_0a6ee8_4\" class=\"quform-option-label quform-option-label-5_11_4\"><span class=\"quform-option-text\">Webdesign<\/span><\/label><\/div><\/div><\/div><\/div><\/div><\/div><div class=\"quform-element quform-element-textarea quform-element-5_9 quform-cf quform-element-optional\"><div class=\"quform-spacer\"><div class=\"quform-label quform-label-5_9\"><label class=\"quform-label-text\" for=\"quform_5_9_0a6ee8\">Bemerkungen<\/label><\/div><div class=\"quform-inner quform-inner-textarea quform-inner-5_9\"><div class=\"quform-input quform-input-textarea quform-input-5_9 quform-cf\"><textarea id=\"quform_5_9_0a6ee8\" name=\"quform_5_9\" class=\"quform-field quform-field-textarea quform-field-5_9\"><\/textarea><\/div><\/div><\/div><\/div><div class=\"quform-element quform-element-checkbox quform-element-5_13 quform-cf quform-element-optional\"><div class=\"quform-spacer\"><div class=\"quform-inner quform-inner-checkbox quform-inner-5_13\"><div class=\"quform-input quform-input-checkbox quform-input-5_13 quform-cf\"><div class=\"quform-options quform-cf quform-options-block quform-options-simple\"><div class=\"quform-option\"><input type=\"checkbox\" name=\"quform_5_13[]\" id=\"quform_5_13_0a6ee8_1\" class=\"quform-field quform-field-checkbox quform-field-5_13 quform-field-5_13_1\" value=\"Ich melde mich f\u00fcr den Newsletter an, um in unregelm\u00e4ssigen Abst\u00e4nden mit News und Insights versorgt zu werden. Eine Abmeldung ist jederzeit m\u00f6glich.\" \/><label for=\"quform_5_13_0a6ee8_1\" class=\"quform-option-label quform-option-label-5_13_1\"><span class=\"quform-option-text\">Ich melde mich f\u00fcr den Newsletter an, um in unregelm\u00e4ssigen Abst\u00e4nden mit News und Insights versorgt zu werden. Eine Abmeldung ist jederzeit m\u00f6glich.<\/span><\/label><\/div><\/div><\/div><\/div><\/div><\/div><div class=\"quform-element quform-element-textarea quform-element-5_250409 quform-sr-only quform-cf\" style=\"clip: rect(1px, 1px, 1px, 1px); clip-path: inset(50%); position: absolute !important; height: 1px; width: 1px; overflow: hidden;\"><div class=\"quform-spacer\"><div class=\"quform-label quform-label-5_250409\"><label class=\"quform-label-text\" for=\"quform_5_250409_0a6ee8\">Contact Email<span class=\"quform-required\">*<\/span><\/label><\/div><div class=\"quform-inner quform-inner-5_250409\"><textarea id=\"quform_5_250409_0a6ee8\" name=\"quform_5_250409\" class=\"quform-field quform-field-textarea quform-field-5_250409\" tabindex=\"-1\" autocomplete=\"new-password\"><\/textarea><\/div><\/div><\/div><div class=\"quform-element quform-element-submit quform-element-5_2 quform-cf quform-button-style-theme\"><div class=\"quform-button-submit quform-button-submit-default quform-button-submit-5_2\"><button name=\"quform_submit\" type=\"submit\" class=\"quform-submit\" value=\"submit\"><span class=\"quform-button-text quform-button-submit-text\">Senden<\/span><\/button><\/div><div class=\"quform-loading quform-loading-position-left quform-loading-type-spinner-1\"><div class=\"quform-loading-inner\"><div class=\"quform-loading-spinner\"><div class=\"quform-loading-spinner-inner\"><\/div><\/div><\/div><\/div><\/div><\/div><\/div><\/div><\/div><\/form><\/div><\/div>\n\t\t\t\t\t\t<\/div>\n\t\t\t\t<\/div>\n\t\t\t\t\t<\/div>\n\t\t<\/div>\n\t\t\t\t\t<\/div>\n\t\t<\/section>\n\t\t\t\t\t<\/div>\n\t\t<\/div>\n\t\t\t\t\t<\/div>\n\t\t<\/section>\n\t\t\t\t<\/div>\n\t\t","protected":false},"excerpt":{"rendered":"<p>Interested in a joint project or simply in a non-binding offer? Interested in a joint project or simply in a non-binding offer? Contact us.<\/p>\n","protected":false},"author":1,"featured_media":0,"parent":0,"menu_order":0,"comment_status":"closed","ping_status":"closed","template":"","meta":{"footnotes":""},"class_list":["post-78888","page","type-page","status-publish","hentry"],"_links":{"self":[{"href":"https:\/\/www.visuellefabrik.ch\/en\/wp-json\/wp\/v2\/pages\/78888","targetHints":{"allow":["GET"]}}],"collection":[{"href":"https:\/\/www.visuellefabrik.ch\/en\/wp-json\/wp\/v2\/pages"}],"about":[{"href":"https:\/\/www.visuellefabrik.ch\/en\/wp-json\/wp\/v2\/types\/page"}],"author":[{"embeddable":true,"href":"https:\/\/www.visuellefabrik.ch\/en\/wp-json\/wp\/v2\/users\/1"}],"replies":[{"embeddable":true,"href":"https:\/\/www.visuellefabrik.ch\/en\/wp-json\/wp\/v2\/comments?post=78888"}],"version-history":[{"count":0,"href":"https:\/\/www.visuellefabrik.ch\/en\/wp-json\/wp\/v2\/pages\/78888\/revisions"}],"wp:attachment":[{"href":"https:\/\/www.visuellefabrik.ch\/en\/wp-json\/wp\/v2\/media?parent=78888"}],"curies":[{"name":"wp","href":"https:\/\/api.w.org\/{rel}","templated":true}]}}